{"id":1961,"date":"2023-10-10T14:10:27","date_gmt":"2023-10-10T12:10:27","guid":{"rendered":"https:\/\/www.discountetqualite.fr\/blog\/?page_id=1961"},"modified":"2025-10-07T12:39:22","modified_gmt":"2025-10-07T10:39:22","slug":"rachat-de-stock","status":"publish","type":"page","link":"https:\/\/www.discountetqualite.fr\/blog\/rachat-de-stock\/","title":{"rendered":"On rach\u00e8te vos stocks !"},"content":{"rendered":"\n<p class=\"has-text-align-center\">Vous avez des <strong>surstocks<\/strong>, articles <strong>invendus<\/strong>, produits avec des <strong>d\u00e9fauts d&rsquo;aspect<\/strong>, ou issus de <strong>faillites<\/strong>, <strong>liquidations<\/strong>, <strong>fins de s\u00e9ries<\/strong>, ou encore des <strong>litiges de transport<\/strong> ou <strong>d&rsquo;assurance<\/strong> ?<\/p>\n\n\n\n<div id=\"about\" class=\"wp-block-uagb-container uagb-block-76544026 alignfull uagb-is-root-container\"><div class=\"uagb-container-inner-blocks-wrap\">\n<div class=\"wp-block-uagb-container uagb-block-070f108c\">\n<div class=\"wp-block-uagb-advanced-heading uagb-block-84cc02dc\"><h2 class=\"uagb-heading-text\">Vendez votre stock en toute confiance \u2705<\/h2><\/div>\n\n\n\n<div class=\"wp-block-uagb-info-box uagb-block-c98a3de9 uagb-infobox__content-wrap  uagb-infobox-icon-left uagb-infobox-left uagb-infobox-stacked-mobile uagb-infobox-image-valign-top\"><div class=\"uagb-ifb-icon-wrap\"><div class=\"uagb-iconbox-icon-wrap uagb-infobox-shape-circle\"><svg xmlns=\"https:\/\/www.w3.org\/2000\/svg\" viewBox=\"0 0 512 512\"><path d=\"M256.3-.0068C261.9-.0507 267.3 1.386 272.1 4.066L476.5 90.53C487.7 95.27 495.2 105.1 495.9 118.1C501.6 213.6 466.7 421.9 272.5 507.7C267.6 510.5 261.1 512.1 256.3 512C250.5 512.1 244.9 510.5 239.1 507.7C45.8 421.9 10.95 213.6 16.57 118.1C17.28 105.1 24.83 95.27 36.04 90.53L240.4 4.066C245.2 1.386 250.7-.0507 256.3-.0068H256.3zM266.1 363.4L364.2 263.6C392.2 234.7 390.5 186.6 358.1 159.5C331.8 135.8 291.5 140.2 266.1 166.5L256.4 176.1L245.9 166.5C221.4 140.2 180.2 135.8 153 159.5C121.5 186.6 119.8 234.7 147.8 263.6L244.2 363.4C251.2 369.5 260.8 369.5 266.1 363.4V363.4z\"><\/path><\/svg><\/div><\/div><div class=\"uagb-ifb-content\"><div class=\"uagb-ifb-title-wrap\"><h5 class=\"uagb-ifb-title\">Plus de 10 ans d&rsquo;exp\u00e9riences<br><\/h5><\/div><p class=\"uagb-ifb-desc\">Depuis 2012, Discount&amp;Qualit\u00e9 est votre <strong>partenaire de confiance pour le rachat de vos stocks.<\/strong> <br><br><em>Plus d&rsquo;exp\u00e9riences, moins de probl\u00e8mes ! \ud83c\udf89 <\/em><\/p><\/div><\/div>\n\n\n\n<div class=\"wp-block-uagb-info-box uagb-block-231d119c uagb-infobox__content-wrap  uagb-infobox-icon-left uagb-infobox-left uagb-infobox-stacked-mobile uagb-infobox-image-valign-top\"><div class=\"uagb-ifb-icon-wrap\"><div class=\"uagb-iconbox-icon-wrap uagb-infobox-shape-circle\"><svg xmlns=\"https:\/\/www.w3.org\/2000\/svg\" viewBox=\"0 0 640 512\"><path d=\"M640 .0003V400C640 461.9 589.9 512 528 512C467 512 417.5 463.3 416 402.7L48.41 502.9C31.36 507.5 13.77 497.5 9.126 480.4C4.48 463.4 14.54 445.8 31.59 441.1L352 353.8V64C352 28.65 380.7 0 416 0L640 .0003zM528 352C501.5 352 480 373.5 480 400C480 426.5 501.5 448 528 448C554.5 448 576 426.5 576 400C576 373.5 554.5 352 528 352zM23.11 207.7C18.54 190.6 28.67 173.1 45.74 168.5L92.1 156.1L112.8 233.4C115.1 241.9 123.9 246.1 132.4 244.7L163.3 236.4C171.8 234.1 176.9 225.3 174.6 216.8L153.9 139.5L200.3 127.1C217.4 122.5 234.9 132.7 239.5 149.7L280.9 304.3C285.5 321.4 275.3 338.9 258.3 343.5L103.7 384.9C86.64 389.5 69.1 379.3 64.52 362.3L23.11 207.7z\"><\/path><\/svg><\/div><\/div><div class=\"uagb-ifb-content\"><div class=\"uagb-ifb-title-wrap\"><h5 class=\"uagb-ifb-title\">Nous venons \u00e0 vous gratuitement <br><\/h5><\/div><p class=\"uagb-ifb-desc\">Nous nous chargeons de venir <strong>r\u00e9cup\u00e9rer vos stocks directement sur place<\/strong>, en <strong>toute s\u00e9curit\u00e9<\/strong> et <strong>sans aucun frais<\/strong> pour vous.<\/p><\/div><\/div>\n<\/div>\n\n\n\n<div class=\"wp-block-uagb-container uagb-block-e28913ae\">\n<div class=\"wp-block-uagb-container uagb-block-65124ff9\"><\/div>\n<\/div>\n<\/div><\/div>\n\n\n\n<div id=\"services\" class=\"wp-block-uagb-container uagb-block-a4c7fbd1 alignfull uagb-is-root-container\"><div class=\"uagb-container-inner-blocks-wrap\">\n<div class=\"wp-block-uagb-container uagb-block-280b82a6\">\n<div class=\"wp-block-uagb-advanced-heading uagb-block-01d71e77\"><h2 class=\"uagb-heading-text\">Pourquoi choisir Discount&amp;Qualit\u00e9 <br>pour vendre votre stock ? \ud83e\uddd0<\/h2><p class=\"uagb-desc-text\">Parce que c&rsquo;est <strong>tellement plus simple<\/strong> ! \ud83d\ude80<\/p><\/div>\n<\/div>\n\n\n\n<div class=\"wp-block-uagb-container uagb-block-f657cfb6\">\n<div class=\"wp-block-uagb-container uagb-block-5c4eb212\">\n<div class=\"wp-block-uagb-info-box uagb-block-0c5c448c uagb-infobox__content-wrap  uagb-infobox-icon-above-title uagb-infobox-image-valign-top\"><div class=\"uagb-ifb-content\"><div class=\"uagb-ifb-icon-wrap\"><div class=\"uagb-iconbox-icon-wrap uagb-infobox-shape-circle\"><svg xmlns=\"https:\/\/www.w3.org\/2000\/svg\" viewBox=\"0 0 640 512\"><path d=\"M0 383.9l64 .0404c17.75 0 32-14.29 32-32.03V128.3L0 128.3V383.9zM48 320.1c8.75 0 16 7.118 16 15.99c0 8.742-7.25 15.99-16 15.99S32 344.8 32 336.1C32 327.2 39.25 320.1 48 320.1zM348.8 64c-7.941 0-15.66 2.969-21.52 8.328L228.9 162.3C228.8 162.5 228.8 162.7 228.6 162.7C212 178.3 212.3 203.2 226.5 218.7c12.75 13.1 39.38 17.62 56.13 2.75C282.8 221.3 282.9 221.3 283 221.2l79.88-73.1c6.5-5.871 16.75-5.496 22.62 1c6 6.496 5.5 16.62-1 22.62l-26.12 23.87L504 313.7c2.875 2.496 5.5 4.996 7.875 7.742V127.1c-40.98-40.96-96.48-63.88-154.4-63.88L348.8 64zM334.6 217.4l-30 27.49c-29.75 27.11-75.25 24.49-101.8-4.371C176 211.2 178.1 165.7 207.3 138.9L289.1 64H282.5C224.7 64 169.1 87.08 128.2 127.9L128 351.8l18.25 .0369l90.5 81.82c27.5 22.37 67.75 18.12 90-9.246l18.12 15.24c15.88 12.1 39.38 10.5 52.38-5.371l31.38-38.6l5.374 4.498c13.75 11 33.88 9.002 45-4.748l9.538-11.78c11.12-13.75 9.036-33.78-4.694-44.93L334.6 217.4zM544 128.4v223.6c0 17.62 14.25 32.05 31.1 32.05L640 384V128.1L544 128.4zM592 352c-8.75 0-16-7.246-16-15.99c0-8.875 7.25-15.99 16-15.99S608 327.2 608 336.1C608 344.8 600.8 352 592 352z\"><\/path><\/svg><\/div><\/div><div class=\"uagb-ifb-title-wrap\"><h5 class=\"uagb-ifb-title\">+ de 10 ans d&rsquo;exp\u00e9rience<\/h5><\/div><\/div><\/div>\n<\/div>\n\n\n\n<div class=\"wp-block-uagb-container uagb-block-c69320ba\">\n<div class=\"wp-block-uagb-container uagb-block-927d71e7\">\n<div class=\"wp-block-uagb-info-box uagb-block-22921de1 uagb-infobox__content-wrap  uagb-infobox-icon-above-title uagb-infobox-image-valign-top\"><div class=\"uagb-ifb-content\"><div class=\"uagb-ifb-icon-wrap\"><div class=\"uagb-iconbox-icon-wrap uagb-infobox-shape-circle\"><svg xmlns=\"https:\/\/www.w3.org\/2000\/svg\" viewBox=\"0 0 640 512\"><path d=\"M640 .0003V400C640 461.9 589.9 512 528 512C467 512 417.5 463.3 416 402.7L48.41 502.9C31.36 507.5 13.77 497.5 9.126 480.4C4.48 463.4 14.54 445.8 31.59 441.1L352 353.8V64C352 28.65 380.7 0 416 0L640 .0003zM528 352C501.5 352 480 373.5 480 400C480 426.5 501.5 448 528 448C554.5 448 576 426.5 576 400C576 373.5 554.5 352 528 352zM23.11 207.7C18.54 190.6 28.67 173.1 45.74 168.5L92.1 156.1L112.8 233.4C115.1 241.9 123.9 246.1 132.4 244.7L163.3 236.4C171.8 234.1 176.9 225.3 174.6 216.8L153.9 139.5L200.3 127.1C217.4 122.5 234.9 132.7 239.5 149.7L280.9 304.3C285.5 321.4 275.3 338.9 258.3 343.5L103.7 384.9C86.64 389.5 69.1 379.3 64.52 362.3L23.11 207.7z\"><\/path><\/svg><\/div><\/div><div class=\"uagb-ifb-title-wrap\"><h5 class=\"uagb-ifb-title\">Enl\u00e8vement  gratuit<\/h5><\/div><\/div><\/div>\n<\/div>\n<\/div>\n\n\n\n<div class=\"wp-block-uagb-container uagb-block-c937e3af\">\n<div class=\"wp-block-uagb-container uagb-block-d9435566\">\n<div class=\"wp-block-uagb-info-box uagb-block-727b4355 uagb-infobox__content-wrap  uagb-infobox-icon-above-title uagb-infobox-image-valign-top\"><div class=\"uagb-ifb-content\"><div class=\"uagb-ifb-icon-wrap\"><div class=\"uagb-iconbox-icon-wrap uagb-infobox-shape-circle\"><svg xmlns=\"https:\/\/www.w3.org\/2000\/svg\" viewBox=\"0 0 512 512\"><path d=\"M470.7 9.441C473.7 12.49 476 16 477.6 19.75C479.1 23.5 479.1 27.6 480 31.9V32V128C480 145.7 465.7 160 448 160C430.3 160 416 145.7 416 128V109.3L310.6 214.6C298.8 226.5 279.9 227.2 267.2 216.3L175.1 138.1L84.82 216.3C71.41 227.8 51.2 226.2 39.7 212.8C28.2 199.4 29.76 179.2 43.17 167.7L155.2 71.7C167.2 61.43 184.8 61.43 196.8 71.7L286.3 148.4L370.7 64H352C334.3 64 320 49.67 320 32C320 14.33 334.3 0 352 0H447.1C456.8 0 464.8 3.554 470.6 9.305L470.7 9.441zM0 304C0 277.5 21.49 256 48 256H464C490.5 256 512 277.5 512 304V464C512 490.5 490.5 512 464 512H48C21.49 512 0 490.5 0 464V304zM48 464H96C96 437.5 74.51 416 48 416V464zM48 304V352C74.51 352 96 330.5 96 304H48zM464 416C437.5 416 416 437.5 416 464H464V416zM416 304C416 330.5 437.5 352 464 352V304H416zM256 320C220.7 320 192 348.7 192 384C192 419.3 220.7 448 256 448C291.3 448 320 419.3 320 384C320 348.7 291.3 320 256 320z\"><\/path><\/svg><\/div><\/div><div class=\"uagb-ifb-title-wrap\"><h5 class=\"uagb-ifb-title\">Prix de rachat attractif<\/h5><\/div><\/div><\/div>\n<\/div>\n<\/div>\n\n\n\n<div class=\"wp-block-uagb-container uagb-block-dfb07eb9\">\n<div class=\"wp-block-uagb-container uagb-block-5f85a382\">\n<div class=\"wp-block-uagb-info-box uagb-block-b39eef2e uagb-infobox__content-wrap  uagb-infobox-icon-above-title uagb-infobox-image-valign-top\"><div class=\"uagb-ifb-content\"><div class=\"uagb-ifb-icon-wrap\"><div class=\"uagb-iconbox-icon-wrap uagb-infobox-shape-circle\"><svg xmlns=\"https:\/\/www.w3.org\/2000\/svg\" viewBox=\"0 0 512 512\"><path d=\"M304 48C304 74.51 282.5 96 256 96C229.5 96 208 74.51 208 48C208 21.49 229.5 0 256 0C282.5 0 304 21.49 304 48zM248 352V480C248 497.7 233.7 512 216 512C198.3 512 184 497.7 184 480V256.9L155.4 304.5C146.3 319.6 126.7 324.5 111.5 315.4C96.37 306.3 91.47 286.7 100.6 271.5L158.8 174.6C176.2 145.7 207.4 128 241.1 128H270.9C304.6 128 335.8 145.7 353.2 174.6L411.4 271.5C420.5 286.7 415.6 306.3 400.5 315.4C385.3 324.5 365.7 319.6 356.6 304.5L328 256.9V480C328 497.7 313.7 512 296 512C278.3 512 264 497.7 264 480V352L248 352zM7.029 7.029C16.4-2.343 31.6-2.343 40.97 7.029L120.1 87.03C130.3 96.4 130.3 111.6 120.1 120.1C111.6 130.3 96.4 130.3 87.03 120.1L7.029 40.97C-2.343 31.6-2.343 16.4 7.029 7.029V7.029zM471 7.029C480.4-2.343 495.6-2.343 504.1 7.029C514.3 16.4 514.3 31.6 504.1 40.97L424.1 120.1C415.6 130.3 400.4 130.3 391 120.1C381.7 111.6 381.7 96.4 391 87.03L471 7.029zM7.029 471L87.03 391C96.4 381.7 111.6 381.7 120.1 391C130.3 400.4 130.3 415.6 120.1 424.1L40.97 504.1C31.6 514.3 16.4 514.3 7.029 504.1C-2.343 495.6-2.343 480.4 7.029 471V471zM391 424.1C381.7 415.6 381.7 400.4 391 391C400.4 381.7 415.6 381.7 424.1 391L504.1 471C514.3 480.4 514.3 495.6 504.1 504.1C495.6 514.3 480.4 514.3 471 504.1L391 424.1z\"><\/path><\/svg><\/div><\/div><div class=\"uagb-ifb-title-wrap\"><h5 class=\"uagb-ifb-title\">Rapport humain sinc\u00e8re et positif<\/h5><\/div><\/div><\/div>\n<\/div>\n<\/div>\n<\/div>\n<\/div><\/div>\n\n\n\n<div id=\"reviews\" class=\"wp-block-uagb-container uagb-block-096c0872 alignfull uagb-is-root-container\"><div class=\"uagb-container-inner-blocks-wrap\">\n<div class=\"wp-block-uagb-container uagb-block-2b8570ae\">\n<div class=\"wp-block-uagb-advanced-heading uagb-block-aa07871a\"><h2 class=\"uagb-heading-text\">Happy Stories !<\/h2><\/div>\n\n\n\n<div class=\"wp-block-uagb-advanced-heading uagb-block-6e1e48e5\"><h6 class=\"uagb-heading-text\">Contribuez \u00e0 am\u00e9liorer le pouvoir d&rsquo;achat de nos clients tout en pr\u00e9servant l&rsquo;environnement ! \ud83c\uddeb\ud83c\uddf7\ud83c\udf3f<\/h6><\/div>\n\n\n\n<figure class=\"wp-block-image size-full\"><img loading=\"lazy\" decoding=\"async\" width=\"700\" height=\"500\" src=\"https:\/\/www.discountetqualite.fr\/blog\/wp-content\/uploads\/2025\/10\/avis-discount-et-qualite.jpg\" alt=\"avis-discount-et-qualite\" class=\"wp-image-13578\" srcset=\"https:\/\/www.discountetqualite.fr\/blog\/wp-content\/uploads\/2025\/10\/avis-discount-et-qualite.jpg 700w, https:\/\/www.discountetqualite.fr\/blog\/wp-content\/uploads\/2025\/10\/avis-discount-et-qualite-300x214.jpg 300w\" sizes=\"auto, (max-width: 700px) 100vw, 700px\" \/><\/figure>\n\n\n\n<p class=\"has-text-align-center\"><strong><a href=\"https:\/\/www.avis-verifies.com\/avis-clients\/discountetqualite.fr\" data-type=\"link\" data-id=\"https:\/\/www.avis-verifies.com\/avis-clients\/discountetqualite.fr\" target=\"_blank\" rel=\"noreferrer noopener\">Lire les 2760 autres avis \u2b50\ufe0f<\/a><\/strong><\/p>\n<\/div>\n\n\n\n<div class=\"wp-block-uagb-container uagb-block-f556075d\">\n<div class=\"wp-block-uagb-blockquote uagb-block-4bfa0acb uagb-blockquote__skin-quotation uagb-blockquote__align-left uagb-blockquote__style-style_2 uagb-blockquote__stack-img-none\"><blockquote class=\"uagb-blockquote\"><span class=\"uagb-blockquote__icon\"><svg width=\"20\" height=\"20\" viewBox=\"0 0 32 32\"><path d=\"M7.031 14c3.866 0 7 3.134 7 7s-3.134 7-7 7-7-3.134-7-7l-0.031-1c0-7.732 6.268-14 14-14v4c-2.671 0-5.182 1.040-7.071 2.929-0.364 0.364-0.695 0.751-0.995 1.157 0.357-0.056 0.724-0.086 1.097-0.086zM25.031 14c3.866 0 7 3.134 7 7s-3.134 7-7 7-7-3.134-7-7l-0.031-1c0-7.732 6.268-14 14-14v4c-2.671 0-5.182 1.040-7.071 2.929-0.364 0.364-0.695 0.751-0.995 1.157 0.358-0.056 0.724-0.086 1.097-0.086z\"><\/path><\/svg><\/span><div class=\"uagb-blockquote__content\">Super produit, et super accueil lors de mon retrait, \u00e0 renouveler ++++++<\/div><footer><div class=\"uagb-blockquote__author-wrap uagb-blockquote__author-at-left\"><cite class=\"uagb-blockquote__author\">MICKAEL B<br>\u2b50\ufe0f\u2b50\ufe0f\u2b50\ufe0f\u2b50\ufe0f\u2b50\ufe0f<\/cite><\/div><\/footer><\/blockquote><\/div>\n<\/div>\n\n\n\n<div class=\"wp-block-uagb-container uagb-block-02e285b8\">\n<div class=\"wp-block-uagb-blockquote uagb-block-76f36df5 uagb-blockquote__skin-quotation uagb-blockquote__align-left uagb-blockquote__style-style_2 uagb-blockquote__stack-img-none\"><blockquote class=\"uagb-blockquote\"><span class=\"uagb-blockquote__icon\"><svg width=\"20\" height=\"20\" viewBox=\"0 0 32 32\"><path d=\"M7.031 14c3.866 0 7 3.134 7 7s-3.134 7-7 7-7-3.134-7-7l-0.031-1c0-7.732 6.268-14 14-14v4c-2.671 0-5.182 1.040-7.071 2.929-0.364 0.364-0.695 0.751-0.995 1.157 0.357-0.056 0.724-0.086 1.097-0.086zM25.031 14c3.866 0 7 3.134 7 7s-3.134 7-7 7-7-3.134-7-7l-0.031-1c0-7.732 6.268-14 14-14v4c-2.671 0-5.182 1.040-7.071 2.929-0.364 0.364-0.695 0.751-0.995 1.157 0.358-0.056 0.724-0.086 1.097-0.086z\"><\/path><\/svg><\/span><div class=\"uagb-blockquote__content\">Une \u00e9quipe tr\u00e8s sympathique, je recommande fortement le site<br><br><\/div><footer><div class=\"uagb-blockquote__author-wrap uagb-blockquote__author-at-left\"><cite class=\"uagb-blockquote__author\">CHRISTOPHE G.<br>\u2b50\ufe0f\u2b50\ufe0f\u2b50\ufe0f\u2b50\ufe0f\u2b50\ufe0f<\/cite><\/div><\/footer><\/blockquote><\/div>\n<\/div>\n\n\n\n<div class=\"wp-block-uagb-advanced-heading uagb-block-a9df8f11\"><h2 class=\"uagb-heading-text\">Ensemble pour un meilleur avenir ! \ud83d\udcb6\ud83c\udf3f<\/h2><\/div>\n\n\n\n<div class=\"wp-block-uagb-image aligncenter uagb-block-ad0e4747 wp-block-uagb-image--layout-default wp-block-uagb-image--effect-static wp-block-uagb-image--align-center\"><figure class=\"wp-block-uagb-image__figure\"><img decoding=\"async\" srcset=\"https:\/\/www.discountetqualite.fr\/blog\/wp-content\/uploads\/2023\/10\/logo-rachat-de-stock-discount-et-qualite.png \" sizes=\"auto, (max-width: 480px) 150px\" src=\"https:\/\/www.discountetqualite.fr\/blog\/wp-content\/uploads\/2023\/10\/logo-rachat-de-stock-discount-et-qualite.png\" alt=\"\" class=\"uag-image-2023\" width=\"339\" height=\"125\" title=\"\" loading=\"lazy\"\/><\/figure><\/div>\n\n\n\n<div class=\"wp-block-uagb-buttons uagb-buttons__outer-wrap uagb-btn__default-btn uagb-btn-tablet__default-btn uagb-btn-mobile__default-btn uagb-block-45592c54\"><div class=\"uagb-buttons__wrap uagb-buttons-layout-wrap\">\n<div class=\"wp-block-uagb-buttons-child uagb-buttons__outer-wrap uagb-block-d298e7ec wp-block-button is-style-outline\"><div class=\"uagb-button__wrapper\"><a class=\"uagb-buttons-repeater wp-block-button__link\" href=\"#https:\/\/www.google.com\/maps\/place\/Discount+et+Qualit%C3%A9\/@47.1873397,-1.772701,15z\/data=!4m2!3m1!1s0x0:0x3892afd08d7f4da9?sa=X&amp;ved=2ahUKEwj-ssftneuBAxUaTaQEHRPYBDwQ_BJ6BAguEAA&amp;ved=2ahUKEwj-ssftneuBAxUaTaQEHRPYBDwQ_BJ6BAg4EAg\" onclick=\"return true;\" rel=\"follow noopener\" target=\"_blank\"><span class=\"uagb-button__icon uagb-button__icon-position-before\"><svg xmlns=\"https:\/\/www.w3.org\/2000\/svg\" viewBox=\"0 0 488 512\"><path d=\"M488 261.8C488 403.3 391.1 504 248 504 110.8 504 0 393.2 0 256S110.8 8 248 8c66.8 0 123 24.5 166.3 64.9l-67.5 64.9C258.5 52.6 94.3 116.6 94.3 256c0 86.5 69.1 156.6 153.7 156.6 98.2 0 135-70.4 140.8-106.9H248v-85.3h236.1c2.3 12.7 3.9 24.9 3.9 41.4z\"><\/path><\/svg><\/span><div class=\"uagb-button__link\">RETROUVEZ-NOUS SUR GOOGLE MAPS !<\/div><\/a><\/div><\/div>\n<\/div><\/div>\n<\/div><\/div>\n\n\n\n<div class=\"wp-block-uagb-container uagb-block-05ea1d27 alignfull uagb-is-root-container\"><div class=\"uagb-container-inner-blocks-wrap\">\n<div class=\"wp-block-uagb-container uagb-block-1863ae53\">\n<div class=\"wp-block-uagb-advanced-heading uagb-block-c9ee0279\"><h2 class=\"uagb-heading-text\">Contactez-nous ! \ud83d\ude80<\/h2><p class=\"uagb-desc-text\">Que vous soyez <strong>un professionnel cherchant \u00e0 vendre vos stocks<\/strong> ou simplement <strong>quelqu&rsquo;un ayant des questions sur notre service<\/strong>, nous sommes l\u00e0 pour vous aider. <br><br><strong>Notre \u00e9quipe est toujours pr\u00eate \u00e0 r\u00e9pondre \u00e0 vos interrogations !<\/strong><\/p><\/div>\n\n\n\n<div class=\"wp-block-uagb-info-box uagb-block-d88ec038 uagb-infobox__content-wrap  uagb-infobox-icon-left uagb-infobox-left uagb-infobox-stacked-mobile uagb-infobox-image-valign-top\"><div class=\"uagb-ifb-icon-wrap\"><div class=\"uagb-iconbox-icon-wrap uagb-infobox-shape-circle\"><svg xmlns=\"https:\/\/www.w3.org\/2000\/svg\" viewBox=\"0 0 512 512\"><path d=\"M511.2 387l-23.25 100.8c-3.266 14.25-15.79 24.22-30.46 24.22C205.2 512 0 306.8 0 54.5c0-14.66 9.969-27.2 24.22-30.45l100.8-23.25C139.7-2.602 154.7 5.018 160.8 18.92l46.52 108.5c5.438 12.78 1.77 27.67-8.98 36.45L144.5 207.1c33.98 69.22 90.26 125.5 159.5 159.5l44.08-53.8c8.688-10.78 23.69-14.51 36.47-8.975l108.5 46.51C506.1 357.2 514.6 372.4 511.2 387z\"><\/path><\/svg><\/div><\/div><div class=\"uagb-ifb-content\"><div class=\"uagb-ifb-title-wrap\"><h5 class=\"uagb-ifb-title\">02 40 97 21 34<\/h5><\/div><p class=\"uagb-ifb-desc\">Du lundi au vendredi de 8h \u00e0 17h<\/p><\/div><\/div>\n\n\n\n<div class=\"wp-block-uagb-info-box uagb-block-93ed28c7 uagb-infobox__content-wrap  uagb-infobox-icon-left uagb-infobox-left uagb-infobox-stacked-mobile uagb-infobox-image-valign-top\"><div class=\"uagb-ifb-icon-wrap\"><div class=\"uagb-iconbox-icon-wrap uagb-infobox-shape-circle\"><svg xmlns=\"https:\/\/www.w3.org\/2000\/svg\" viewBox=\"0 0 640 512\"><path d=\"M464 64C490.5 64 512 85.49 512 112C512 127.1 504.9 141.3 492.8 150.4L478.9 160.8C412.3 167.2 356.5 210.8 332.6 270.6L275.2 313.6C263.8 322.1 248.2 322.1 236.8 313.6L19.2 150.4C7.113 141.3 0 127.1 0 112C0 85.49 21.49 64 48 64H464zM294.4 339.2L320.8 319.4C320.3 324.9 320 330.4 320 336C320 378.5 335.1 417.6 360.2 448H64C28.65 448 0 419.3 0 384V176L217.6 339.2C240.4 356.3 271.6 356.3 294.4 339.2zM640 336C640 415.5 575.5 480 496 480C416.5 480 352 415.5 352 336C352 256.5 416.5 192 496 192C575.5 192 640 256.5 640 336zM540.7 292.7L480 353.4L451.3 324.7C445.1 318.4 434.9 318.4 428.7 324.7C422.4 330.9 422.4 341.1 428.7 347.3L468.7 387.3C474.9 393.6 485.1 393.6 491.3 387.3L563.3 315.3C569.6 309.1 569.6 298.9 563.3 292.7C557.1 286.4 546.9 286.4 540.7 292.7H540.7z\"><\/path><\/svg><\/div><\/div><div class=\"uagb-ifb-content\"><div class=\"uagb-ifb-title-wrap\"><h5 class=\"uagb-ifb-title\"><strong>achats@discountetqualite.fr<\/strong><\/h5><\/div><p class=\"uagb-ifb-desc\">24h\/7j<\/p><\/div><\/div>\n<\/div>\n<\/div><\/div>\n\n\n\n<div class=\"wp-block-uagb-container uagb-block-6e3d8719 alignfull uagb-is-root-container\"><div class=\"uagb-container-inner-blocks-wrap\">\n<div class=\"wp-block-uagb-container uagb-block-b347100c\">\n<div class=\"wp-block-uagb-advanced-heading uagb-block-7202d122\"><h2 class=\"uagb-heading-text\">Notre engagement \u00e9cologique \ud83c\udf3f<\/h2><\/div>\n\n\n\n<p>\u00ab\u00a0En nous confiant vos marchandises, vous entrez dans une v\u00e9ritable <strong>d\u00e9marche d\u2019\u00e9conomie circulaire<\/strong>, nous saurons valoriser et <strong>offrir une seconde vie <\/strong>\u00e0 vos stocks. Ensemble et \u00e0 notre \u00e9chelle, <strong>limitons l\u2019impact environnemental<\/strong> des biens d\u00e9j\u00e0 fabriqu\u00e9s.\u00a0\u00bb<\/p>\n\n\n\n<blockquote class=\"wp-block-quote is-style-plain is-layout-flow wp-block-quote-is-layout-flow\">\n<p><\/p>\n<cite><strong>Franck Fleury<\/strong> &#8211; Dirigeant de Discount&amp;Qualit\u00e9<\/cite><\/blockquote>\n<\/div>\n<\/div><\/div>\n","protected":false},"excerpt":{"rendered":"<p>Vous avez des surstocks, articles invendus, produits avec des d\u00e9fauts d&rsquo;aspect, ou issus de faillites, liquidations, fins de s\u00e9ries, ou encore des litiges de transport ou d&rsquo;assurance ? Vendez votre stock en toute confiance \u2705 Pourquoi choisir Discount&amp;Qualit\u00e9 pour vendre votre stock ? \ud83e\uddd0 Parce que c&rsquo;est tellement plus simple ! \ud83d\ude80 Happy Stories ! [&hellip;]<\/p>\n","protected":false},"author":2,"featured_media":0,"parent":0,"menu_order":0,"comment_status":"closed","ping_status":"closed","template":"","meta":{"_seopress_robots_primary_cat":"","_seopress_titles_title":"","_seopress_titles_desc":"","_seopress_robots_index":"","inline_featured_image":false,"_uag_custom_page_level_css":"","cybocfi_hide_featured_image":"yes","iawp_total_views":3444,"footnotes":""},"class_list":["post-1961","page","type-page","status-publish","hentry"],"uagb_featured_image_src":{"full":false,"thumbnail":false,"medium":false,"medium_large":false,"large":false,"1536x1536":false,"2048x2048":false},"uagb_author_info":{"display_name":"Vincent Pillet","author_link":"https:\/\/www.discountetqualite.fr\/blog\/author\/vincentdq\/"},"uagb_comment_info":0,"uagb_excerpt":"Vous avez des surstocks, articles invendus, produits avec des d\u00e9fauts d&rsquo;aspect, ou issus de faillites, liquidations, fins de s\u00e9ries, ou encore des litiges de transport ou d&rsquo;assurance ? Vendez votre stock en toute confiance \u2705 Pourquoi choisir Discount&amp;Qualit\u00e9 pour vendre votre stock ? \ud83e\uddd0 Parce que c&rsquo;est tellement plus simple ! \ud83d\ude80 Happy Stories !\u2026","jetpack-related-posts":[],"jetpack_sharing_enabled":true,"_links":{"self":[{"href":"https:\/\/www.discountetqualite.fr\/blog\/wp-json\/wp\/v2\/pages\/1961","targetHints":{"allow":["GET"]}}],"collection":[{"href":"https:\/\/www.discountetqualite.fr\/blog\/wp-json\/wp\/v2\/pages"}],"about":[{"href":"https:\/\/www.discountetqualite.fr\/blog\/wp-json\/wp\/v2\/types\/page"}],"author":[{"embeddable":true,"href":"https:\/\/www.discountetqualite.fr\/blog\/wp-json\/wp\/v2\/users\/2"}],"replies":[{"embeddable":true,"href":"https:\/\/www.discountetqualite.fr\/blog\/wp-json\/wp\/v2\/comments?post=1961"}],"version-history":[{"count":5,"href":"https:\/\/www.discountetqualite.fr\/blog\/wp-json\/wp\/v2\/pages\/1961\/revisions"}],"predecessor-version":[{"id":13774,"href":"https:\/\/www.discountetqualite.fr\/blog\/wp-json\/wp\/v2\/pages\/1961\/revisions\/13774"}],"wp:attachment":[{"href":"https:\/\/www.discountetqualite.fr\/blog\/wp-json\/wp\/v2\/media?parent=1961"}],"curies":[{"name":"wp","href":"https:\/\/api.w.org\/{rel}","templated":true}]}}