{"id":3,"date":"2022-10-04T11:50:46","date_gmt":"2022-10-04T09:50:46","guid":{"rendered":"https:\/\/www.discountetqualite.fr\/blog\/?page_id=3"},"modified":"2022-10-07T12:37:23","modified_gmt":"2022-10-07T10:37:23","slug":"mentions-legales","status":"publish","type":"page","link":"https:\/\/www.discountetqualite.fr\/blog\/mentions-legales\/","title":{"rendered":"Mentions l\u00e9gales"},"content":{"rendered":"\n<h2 class=\"wp-block-heading\">Qui sommes-nous&nbsp;?<\/h2>\n\n\n\n<p><strong>D\u00e9nomination Commerciale : Discount et Qualit\u00e9<\/strong><\/p>\n\n\n\n<p><strong>D\u00e9nomination Sociale : FF SELECTION<\/strong>&nbsp;<\/p>\n\n\n\n<p>SARL au capital de 1.000,000 \u20ac<br>RCS NANTES B 539 015 487<\/p>\n\n\n\n<p>Si\u00e8ge social :<br>La Br\u00e9hannerie<br>44640 LE PELLERIN<br>FRANCE<\/p>\n\n\n\n<p>Tel. : +33 2 40 97 21 34<br>E-mail :&nbsp;<a href=\"mailto:contact@discountetqualite.fr\">contact@discountetqualite.fr<\/a><\/p>\n\n\n\n<p>Responsable de publication : Franck FLEURY<\/p>\n\n\n\n<h2 class=\"wp-block-heading\">H\u00e9bergement du site Web<\/h2>\n\n\n\n<p>Le site Web&nbsp;<strong>discountetqualite.fr<\/strong>&nbsp;est h\u00e9berg\u00e9 par&nbsp;<strong>SWEETEO<\/strong>, 56 rue Four\u00e9, 44 000 NANTES &#8211; FRANCE. Pour contacter cet h\u00e9bergeur, rendez-vous \u00e0 l&rsquo;adresse&nbsp;https:\/\/www.sweeteo.fr\/<\/p>\n\n\n\n<h2 class=\"wp-block-heading\">Propri\u00e9t\u00e9 intellectuelle<\/h2>\n\n\n\n<p>L&rsquo;architecture g\u00e9n\u00e9rale, les donn\u00e9es, informations, images, et leurs mises en forme, ainsi que tout autre \u00e9l\u00e9ment faisant partie de ce site sont la propri\u00e9t\u00e9 exclusive de&nbsp;<strong>FF SELECTION<\/strong>.<\/p>\n\n\n\n<p>Toute utilisation partielle ou totale, permanente ou temporaire de ce site, par quel proc\u00e9d\u00e9 que ce soit, sans l&rsquo;aval de&nbsp;<strong>FF SELECTION<\/strong>&nbsp;est interdite et sera consid\u00e9r\u00e9e comme une atteinte du Code Fran\u00e7ais de Propri\u00e9t\u00e9 Intellectuelle, sous r\u00e9serve d&rsquo;\u00eatre express\u00e9ment autoris\u00e9e par la loi.<\/p>\n\n\n\n<h2 class=\"wp-block-heading\">Protection des donn\u00e9es personnelles<\/h2>\n\n\n\n<p>Conform\u00e9ment \u00e0 la loi n\u00b078-17 du 6 Janvier 1978 (Informatique et Libert\u00e9s), l&rsquo;utilisateur dispose d&rsquo;un droit d&rsquo;acc\u00e8s, de rectification, de suppression ou d&rsquo;opposition aux informations fournies par mail, en \u00e9crivant \u00e0\u00a0FF SELECTION\u00a0par courrier ou par mail (voir coordonn\u00e9es plus haut).<\/p>\n\n\n\n<h2 class=\"wp-block-heading\">Informations publi\u00e9es sur le site<\/h2>\n\n\n\n<p><strong>FF SELECTION<\/strong>\u00a0se r\u00e9serve le droit de modifier \u00e0 tout moment les informations figurant sur son site, sans que sa responsabilit\u00e9 ne puisse \u00eatre engag\u00e9e. de m\u00eame,\u00a0<strong>FF SELECTION<\/strong>\u00a0d\u00e9cline toute responsabilit\u00e9 quant aux \u00e9ventuels dysfonctionnements pouvant intervenir sur le site.<\/p>\n\n\n\n<h2 class=\"wp-block-heading\">Cookies<\/h2>\n\n\n\n<p>L&rsquo;utilisateur est inform\u00e9, que lors de ses visites sur le site, un cookie peut s&rsquo;installer automatiquement sur son logiciel de navigation. Le cookie est un bloc de donn\u00e9es qui ne permet pas d&rsquo;identifier l&rsquo;utilisateur mais sert \u00e0 enregistrer des informations relatives \u00e0 la navigation de celui-ci sur le site. L&rsquo;utilisation de ces cookies a pour finalit\u00e9 de proc\u00e9der \u00e0 des analyses de fr\u00e9quentation, mesures d&rsquo;audience&#8230; afin d&rsquo;am\u00e9liorer la qualit\u00e9 du site. L&rsquo;utilisateur peut cependant s&rsquo;opposer \u00e0 la mise en place de \u00ab\u00a0cookies\u00a0\u00bb en d\u00e9sactivant cette option dans les param\u00e8tres de son navigateur.<\/p>\n\n\n\n<h2 class=\"wp-block-heading\">Google Analytics<\/h2>\n\n\n\n<p>Ce site utilise Google Analytics, un service d&rsquo;analyse de site internet fourni par Google Inc. (\u00ab Google \u00bb). Google Analytics utilise des cookies , qui sont des fichiers texte plac\u00e9s sur votre ordinateur, pour aider le site internet \u00e0 analyser l&rsquo;utilisation du site par ses utilisateurs. Les donn\u00e9es g\u00e9n\u00e9r\u00e9es par les cookies concernant votre utilisation du site (y compris votre adresse IP) seront transmises et stock\u00e9es par Google sur des serveurs situ\u00e9s aux Etats-Unis. Google utilisera cette information dans le but d&rsquo;\u00e9valuer votre utilisation du site, de compiler des rapports sur l&rsquo;activit\u00e9 du site \u00e0 destination de son \u00e9diteur et de fournir d&rsquo;autres services relatifs \u00e0 l&rsquo;activit\u00e9 du site et \u00e0 l&rsquo;utilisation d&rsquo;Internet.<\/p>\n\n\n\n<p>Google est susceptible de communiquer ces donn\u00e9es \u00e0 des tiers en cas d&rsquo;obligation l\u00e9gale ou lorsque ces tiers traitent ces donn\u00e9es pour le compte de Google, y compris notamment l&rsquo;\u00e9diteur de ce site. Google ne recoupera pas votre adresse IP avec toute autre donn\u00e9e d\u00e9tenue par Google. Vous pouvez d\u00e9sactiver l&rsquo;utilisation de cookies en s\u00e9lectionnant les param\u00e8tres appropri\u00e9s de votre navigateur. Cependant, une telle d\u00e9sactivation pourrait emp\u00eacher l&rsquo;utilisation de certaines fonctionnalit\u00e9s de ce site. En utilisant ce site internet, vous consentez express\u00e9ment au traitement de vos donn\u00e9es nominatives par Google dans les conditions et pour les finalit\u00e9s d\u00e9crites ci-dessus.<\/p>\n\n\n\n<h2 class=\"wp-block-heading\">Droit applicable<\/h2>\n\n\n\n<p>L&rsquo;ensemble du site internet\u00a0<strong>discountetqualite.fr<\/strong>\u00a0est soumis au droit fran\u00e7ais.<\/p>\n","protected":false},"excerpt":{"rendered":"<p>Qui sommes-nous&nbsp;? D\u00e9nomination Commerciale : Discount et Qualit\u00e9 D\u00e9nomination Sociale : FF SELECTION&nbsp; SARL au capital de 1.000,000 \u20acRCS NANTES B 539 015 487 Si\u00e8ge social :La Br\u00e9hannerie44640 LE PELLERINFRANCE Tel. : +33 2 40 97 21 34E-mail :&nbsp;contact@discountetqualite.fr Responsable de publication : Franck FLEURY H\u00e9bergement du site Web Le site Web&nbsp;discountetqualite.fr&nbsp;est h\u00e9berg\u00e9 par&nbsp;SWEETEO, 56 [&hellip;]<\/p>\n","protected":false},"author":1,"featured_media":0,"parent":0,"menu_order":0,"comment_status":"closed","ping_status":"open","template":"","meta":{"_seopress_robots_primary_cat":"","_seopress_titles_title":"","_seopress_titles_desc":"","_seopress_robots_index":"","inline_featured_image":false,"_uag_custom_page_level_css":"","cybocfi_hide_featured_image":"","iawp_total_views":108,"footnotes":""},"class_list":["post-3","page","type-page","status-publish","hentry"],"uagb_featured_image_src":{"full":false,"thumbnail":false,"medium":false,"medium_large":false,"large":false,"1536x1536":false,"2048x2048":false},"uagb_author_info":{"display_name":"stefannantes","author_link":"https:\/\/www.discountetqualite.fr\/blog\/author\/stefannantes\/"},"uagb_comment_info":0,"uagb_excerpt":"Qui sommes-nous&nbsp;? D\u00e9nomination Commerciale : Discount et Qualit\u00e9 D\u00e9nomination Sociale : FF SELECTION&nbsp; SARL au capital de 1.000,000 \u20acRCS NANTES B 539 015 487 Si\u00e8ge social :La Br\u00e9hannerie44640 LE PELLERINFRANCE Tel. : +33 2 40 97 21 34E-mail :&nbsp;contact@discountetqualite.fr Responsable de publication : Franck FLEURY H\u00e9bergement du site Web Le site Web&nbsp;discountetqualite.fr&nbsp;est h\u00e9berg\u00e9 par&nbsp;SWEETEO, 56\u2026","jetpack-related-posts":[{"id":13575,"url":"https:\/\/www.discountetqualite.fr\/blog\/destockage-professionnel\/","url_meta":{"origin":3,"position":0},"title":"LE fournisseur des professionnels du b\u00e2timent","author":"Vincent Pillet","date":"7 octobre 2025","format":false,"excerpt":"VOUS \u00caTES PLOMBIERS, CHAUFFAGISTES OU FRIGORISTES ? TROUVEZ TOUT LE MAT\u00c9RIEL DONT VOUS AVEZ BESOIN AU MEILLEUR PRIX. Discount&Qualit\u00e9 est le site de plomberie et de mat\u00e9riel professionnel pl\u00e9biscit\u00e9 par les artisans. V\u00e9ritable grossiste en plomberie sanitaire, nous proposons tout le mat\u00e9riel de plomberie pour professionnel, l\u2019outillage de plomberie, ainsi\u2026","rel":"","context":"Article similaire","block_context":{"text":"Article similaire","link":""},"img":{"alt_text":"","src":"https:\/\/i0.wp.com\/www.discountetqualite.fr\/blog\/wp-content\/uploads\/2025\/10\/page-pro-discount-qualite.jpg?resize=350%2C200&ssl=1","width":350,"height":200,"srcset":"https:\/\/i0.wp.com\/www.discountetqualite.fr\/blog\/wp-content\/uploads\/2025\/10\/page-pro-discount-qualite.jpg?resize=350%2C200&ssl=1 1x, https:\/\/i0.wp.com\/www.discountetqualite.fr\/blog\/wp-content\/uploads\/2025\/10\/page-pro-discount-qualite.jpg?resize=525%2C300&ssl=1 1.5x, https:\/\/i0.wp.com\/www.discountetqualite.fr\/blog\/wp-content\/uploads\/2025\/10\/page-pro-discount-qualite.jpg?resize=700%2C400&ssl=1 2x, https:\/\/i0.wp.com\/www.discountetqualite.fr\/blog\/wp-content\/uploads\/2025\/10\/page-pro-discount-qualite.jpg?resize=1050%2C600&ssl=1 3x"},"classes":[]}],"jetpack_sharing_enabled":true,"_links":{"self":[{"href":"https:\/\/www.discountetqualite.fr\/blog\/wp-json\/wp\/v2\/pages\/3","targetHints":{"allow":["GET"]}}],"collection":[{"href":"https:\/\/www.discountetqualite.fr\/blog\/wp-json\/wp\/v2\/pages"}],"about":[{"href":"https:\/\/www.discountetqualite.fr\/blog\/wp-json\/wp\/v2\/types\/page"}],"author":[{"embeddable":true,"href":"https:\/\/www.discountetqualite.fr\/blog\/wp-json\/wp\/v2\/users\/1"}],"replies":[{"embeddable":true,"href":"https:\/\/www.discountetqualite.fr\/blog\/wp-json\/wp\/v2\/comments?post=3"}],"version-history":[{"count":0,"href":"https:\/\/www.discountetqualite.fr\/blog\/wp-json\/wp\/v2\/pages\/3\/revisions"}],"wp:attachment":[{"href":"https:\/\/www.discountetqualite.fr\/blog\/wp-json\/wp\/v2\/media?parent=3"}],"curies":[{"name":"wp","href":"https:\/\/api.w.org\/{rel}","templated":true}]}}